{"id":192,"date":"2023-09-08T08:17:13","date_gmt":"2023-09-08T08:17:13","guid":{"rendered":"https:\/\/greeninternationalbusiness.com\/?page_id=192"},"modified":"2023-09-08T22:15:35","modified_gmt":"2023-09-08T22:15:35","slug":"documentation","status":"publish","type":"page","link":"https:\/\/greeninternationalbusiness.dz\/index.php\/documentation\/","title":{"rendered":"DOCUMENTATION"},"content":{"rendered":"\t\t<div data-elementor-type=\"wp-page\" data-elementor-id=\"192\" class=\"elementor elementor-192\">\n\t\t\t\t<div class=\"elementor-element elementor-element-055e850 e-flex e-con-boxed e-con e-parent\" data-id=\"055e850\" data-element_type=\"container\" data-e-type=\"container\">\n\t\t\t\t\t<div class=\"e-con-inner\">\n\t\t\t\t<div class=\"elementor-element elementor-element-c50b498 elementor-widget elementor-widget-heading\" data-id=\"c50b498\" data-element_type=\"widget\" data-e-type=\"widget\" data-widget_type=\"heading.default\">\n\t\t\t\t\t<h2 class=\"elementor-heading-title elementor-size-default\"><b>COPERATION INTERNATIONAL<\/b>\n\n\n<\/h2>\t\t\t\t<\/div>\n\t\t\t\t\t<\/div>\n\t\t\t\t<\/div>\n\t\t<div class=\"elementor-element elementor-element-2483ffd e-flex e-con-boxed e-con e-parent\" data-id=\"2483ffd\" data-element_type=\"container\" data-e-type=\"container\">\n\t\t\t\t\t<div class=\"e-con-inner\">\n\t\t\t\t<div class=\"elementor-element elementor-element-2237ce0 elementor-widget elementor-widget-text-editor\" data-id=\"2237ce0\" data-element_type=\"widget\" data-e-type=\"widget\" data-widget_type=\"text-editor.default\">\n\t\t\t\t\t\t\t\t\t<h4><span style=\"text-decoration: underline; color: #339966;\"><strong>ACCORD PREFERENTIEL<\/strong><\/span><\/h4><div class=\"wDYxhc\" lang=\"fr-DZ\" data-md=\"61\"><div class=\"LGOjhe\" role=\"heading\" data-attrid=\"wa:\/description\" aria-level=\"3\" data-hveid=\"CBAQAA\"><span class=\"ILfuVd\" lang=\"fr\"><span class=\"hgKElc\">Dans le cadre de la promotion et de la diversification de ses \u00e9changes commerciaux,\u00a0<b>l&rsquo;Alg\u00e9rie a conclu des accords pr\u00e9f\u00e9rentiels avec plusieurs pays et groupements<\/b>. Ces accords pr\u00e9voient : l&rsquo;harmonisation des l\u00e9gislations douani\u00e8res des pays contractants.<\/span><\/span><\/div><\/div><div class=\"g\"><div lang=\"fr\" data-hveid=\"CA0QAA\" data-ved=\"2ahUKEwiFyr-wypqBAxW_dKQEHe1vBqQQFSgAegQIDRAA\"><div class=\"tF2Cxc\"><div class=\"yuRUbf\">\u00a0<\/div><\/div><\/div><\/div>\t\t\t\t\t\t\t\t<\/div>\n\t\t\t\t\t<\/div>\n\t\t\t\t<\/div>\n\t\t<div class=\"elementor-element elementor-element-a98ae3f e-grid e-con-boxed e-con e-parent\" data-id=\"a98ae3f\" data-element_type=\"container\" data-e-type=\"container\">\n\t\t\t\t\t<div class=\"e-con-inner\">\n\t\t\t\t<div class=\"elementor-element elementor-element-ec5a6bb elementor-drop-cap-yes elementor-drop-cap-view-default elementor-widget elementor-widget-text-editor\" data-id=\"ec5a6bb\" data-element_type=\"widget\" data-e-type=\"widget\" data-settings=\"{&quot;drop_cap&quot;:&quot;yes&quot;}\" data-widget_type=\"text-editor.default\">\n\t\t\t\t\t\t\t\t\t<h4><b><span style=\"color: #339966;\">accord<\/span><span style=\"color: #339966;\"> d&rsquo;association entre l&rsquo;alg\u00e9rie et l&rsquo;union europ\u00e9enne<\/span><\/b><\/h4><div><span style=\"color: #808080;\"><strong>\u00a0<\/strong><span style=\"text-align: var(--text-align);\"><b>Les relations entre l&rsquo;UE et l&rsquo;Alg\u00e9rie remontent au lendemain de l\u2019ind\u00e9pendance. \u00c0 l\u2019\u00e9poque, elles permettaient \u00e0 l&rsquo;Alg\u00e9rie de b\u00e9n\u00e9ficier de facilitations commerciales afin d&rsquo;\u00e9couler sur les march\u00e9s europ\u00e9ens ses produits agricoles.<\/b><\/span><\/span><\/div><div>\u00a0<\/div><div>\u00a0<\/div><div><span style=\"color: #808080;\"><span style=\"text-align: var(--text-align);\"><b>\u00a0<\/b><\/span><\/span><\/div>\t\t\t\t\t\t\t\t<\/div>\n\t\t\t\t<div class=\"elementor-element elementor-element-7537816 elementor-widget elementor-widget-image\" data-id=\"7537816\" data-element_type=\"widget\" data-e-type=\"widget\" data-widget_type=\"image.default\">\n\t\t\t\t\t\t\t\t\t\t\t\t\t\t\t<img fetchpriority=\"high\" decoding=\"async\" width=\"580\" height=\"309\" src=\"https:\/\/greeninternationalbusiness.dz\/wp-content\/uploads\/2023\/09\/3d0854f7a2e2752b1fcb59b2129a7fea_M.jpg\" class=\"attachment-large size-large wp-image-195\" alt=\"\" srcset=\"https:\/\/greeninternationalbusiness.dz\/wp-content\/uploads\/2023\/09\/3d0854f7a2e2752b1fcb59b2129a7fea_M.jpg 580w, https:\/\/greeninternationalbusiness.dz\/wp-content\/uploads\/2023\/09\/3d0854f7a2e2752b1fcb59b2129a7fea_M-300x160.jpg 300w\" sizes=\"(max-width: 580px) 100vw, 580px\" \/>\t\t\t\t\t\t\t\t\t\t\t\t\t\t\t<\/div>\n\t\t\t\t\t<\/div>\n\t\t\t\t<\/div>\n\t\t<div class=\"elementor-element elementor-element-4abe4d8 e-grid e-con-boxed e-con e-parent\" data-id=\"4abe4d8\" data-element_type=\"container\" data-e-type=\"container\">\n\t\t\t\t\t<div class=\"e-con-inner\">\n\t\t\t\t<div class=\"elementor-element elementor-element-2f48c6d elementor-widget elementor-widget-text-editor\" data-id=\"2f48c6d\" data-element_type=\"widget\" data-e-type=\"widget\" data-widget_type=\"text-editor.default\">\n\t\t\t\t\t\t\t\t\t<hr \/><h4><strong><span style=\"color: #339966;\">Grande Zone Arabe de Libre Echanges (GZALE)<\/span><\/strong><\/h4><p>Convention de facilitation et de d\u00e9veloppement des \u00e9changes commerciaux entre les Etats arabes.<\/p><ul><li>Date de signature\u00a0: 27\/02\/1981, \u00e0 Tunis.<\/li><li>Date d\u2019application\u00a0: 01\/01\/2009.<\/li><\/ul><p>parties contractantes\u00a0<\/p><table class=\"spip\" style=\"height: 133px;\" border=\"0\" width=\"237\"><tbody><tr><td>Alg\u00e9rie<\/td><td>Bahre\u00efn<\/td><\/tr><tr><td>Egypte<\/td><td>Kowe\u00eft<\/td><\/tr><tr><td>Jordanie<\/td><td>Oman<\/td><\/tr><tr><td>Tunisie<\/td><td>Y\u00e9men<\/td><\/tr><tr><td>Maroc<\/td><td>Soudan<\/td><\/tr><tr><td>Mauritanie<\/td><td>Palestine<\/td><\/tr><tr><td>Emirats Arabes Unis<\/td><td>Iraq<\/td><\/tr><tr><td>Arabie saoudite<\/td><td>Syrie<\/td><\/tr><tr><td>Qatar<\/td><td>Liban<\/td><\/tr><tr><td>Libye<\/td><td>\u00a0<\/td><\/tr><\/tbody><\/table><div class=\"TbwUpd NJjxre iUh30 ojE3Fb\"><div class=\"TbwUpd NJjxre iUh30 ojE3Fb\"><div class=\"eqA2re NjwKYd Vwoesf\" aria-hidden=\"true\">\u00a0<\/div><div>\u00a0<\/div><\/div><\/div>\t\t\t\t\t\t\t\t<\/div>\n\t\t\t\t<div class=\"elementor-element elementor-element-5884ecf elementor-widget elementor-widget-image\" data-id=\"5884ecf\" data-element_type=\"widget\" data-e-type=\"widget\" data-widget_type=\"image.default\">\n\t\t\t\t\t\t\t\t\t\t\t\t\t\t\t<img decoding=\"async\" width=\"580\" height=\"350\" src=\"https:\/\/greeninternationalbusiness.dz\/wp-content\/uploads\/2023\/09\/ca403501dfc414d08e6eb1796e1ea109_M.jpg\" class=\"attachment-large size-large wp-image-199\" alt=\"\" srcset=\"https:\/\/greeninternationalbusiness.dz\/wp-content\/uploads\/2023\/09\/ca403501dfc414d08e6eb1796e1ea109_M.jpg 580w, https:\/\/greeninternationalbusiness.dz\/wp-content\/uploads\/2023\/09\/ca403501dfc414d08e6eb1796e1ea109_M-300x181.jpg 300w\" sizes=\"(max-width: 580px) 100vw, 580px\" \/>\t\t\t\t\t\t\t\t\t\t\t\t\t\t\t<\/div>\n\t\t\t\t\t<\/div>\n\t\t\t\t<\/div>\n\t\t\t\t<\/div>\n\t\t","protected":false},"excerpt":{"rendered":"<p>COPERATION INTERNATIONAL ACCORD PREFERENTIEL Dans le cadre de la promotion et de la diversification de ses \u00e9changes commerciaux,\u00a0l&rsquo;Alg\u00e9rie a conclu des accords pr\u00e9f\u00e9rentiels avec plusieurs pays et groupements. Ces accords pr\u00e9voient : l&rsquo;harmonisation des l\u00e9gislations douani\u00e8res des pays contractants.\u00a0 accord d&rsquo;association entre l&rsquo;alg\u00e9rie et l&rsquo;union europ\u00e9enne \u00a0Les relations entre l&rsquo;UE et l&rsquo;Alg\u00e9rie remontent au lendemain [&hellip;]<\/p>\n","protected":false},"author":1,"featured_media":0,"parent":0,"menu_order":0,"comment_status":"closed","ping_status":"closed","template":"","meta":{"saved_in_kubio":false,"footnotes":""},"class_list":["post-192","page","type-page","status-publish","hentry"],"kubio_ai_page_context":{"short_desc":"","purpose":"general"},"yoast_head":"<!-- This site is optimized with the Yoast SEO plugin v27.6 - https:\/\/yoast.com\/product\/yoast-seo-wordpress\/ -->\n<title>DOCUMENTATION -<\/title>\n<meta name=\"robots\" content=\"index, follow, max-snippet:-1, max-image-preview:large, max-video-preview:-1\" \/>\n<link rel=\"canonical\" href=\"https:\/\/greeninternationalbusiness.dz\/index.php\/documentation\/\" \/>\n<meta property=\"og:locale\" content=\"fr_FR\" \/>\n<meta property=\"og:type\" content=\"article\" \/>\n<meta property=\"og:title\" content=\"DOCUMENTATION -\" \/>\n<meta property=\"og:description\" content=\"COPERATION INTERNATIONAL ACCORD PREFERENTIEL Dans le cadre de la promotion et de la diversification de ses \u00e9changes commerciaux,\u00a0l&rsquo;Alg\u00e9rie a conclu des accords pr\u00e9f\u00e9rentiels avec plusieurs pays et groupements. Ces accords pr\u00e9voient : l&rsquo;harmonisation des l\u00e9gislations douani\u00e8res des pays contractants.\u00a0 accord d&rsquo;association entre l&rsquo;alg\u00e9rie et l&rsquo;union europ\u00e9enne \u00a0Les relations entre l&rsquo;UE et l&rsquo;Alg\u00e9rie remontent au lendemain [&hellip;]\" \/>\n<meta property=\"og:url\" content=\"https:\/\/greeninternationalbusiness.dz\/index.php\/documentation\/\" \/>\n<meta property=\"article:publisher\" content=\"https:\/\/www.facebook.com\/GIB23I?mibextid=ZbWKwL\" \/>\n<meta property=\"article:modified_time\" content=\"2023-09-08T22:15:35+00:00\" \/>\n<meta property=\"og:image\" content=\"https:\/\/greeninternationalbusiness.dz\/wp-content\/uploads\/2023\/09\/3d0854f7a2e2752b1fcb59b2129a7fea_M.jpg\" \/>\n<meta name=\"twitter:card\" content=\"summary_large_image\" \/>\n<meta name=\"twitter:label1\" content=\"Dur\u00e9e de lecture estim\u00e9e\" \/>\n\t<meta name=\"twitter:data1\" content=\"2 minutes\" \/>\n<script type=\"application\/ld+json\" class=\"yoast-schema-graph\">{\"@context\":\"https:\\\/\\\/schema.org\",\"@graph\":[{\"@type\":\"WebPage\",\"@id\":\"https:\\\/\\\/greeninternationalbusiness.dz\\\/index.php\\\/documentation\\\/\",\"url\":\"https:\\\/\\\/greeninternationalbusiness.dz\\\/index.php\\\/documentation\\\/\",\"name\":\"DOCUMENTATION -\",\"isPartOf\":{\"@id\":\"https:\\\/\\\/greeninternationalbusiness.dz\\\/#website\"},\"primaryImageOfPage\":{\"@id\":\"https:\\\/\\\/greeninternationalbusiness.dz\\\/index.php\\\/documentation\\\/#primaryimage\"},\"image\":{\"@id\":\"https:\\\/\\\/greeninternationalbusiness.dz\\\/index.php\\\/documentation\\\/#primaryimage\"},\"thumbnailUrl\":\"https:\\\/\\\/greeninternationalbusiness.dz\\\/wp-content\\\/uploads\\\/2023\\\/09\\\/3d0854f7a2e2752b1fcb59b2129a7fea_M.jpg\",\"datePublished\":\"2023-09-08T08:17:13+00:00\",\"dateModified\":\"2023-09-08T22:15:35+00:00\",\"breadcrumb\":{\"@id\":\"https:\\\/\\\/greeninternationalbusiness.dz\\\/index.php\\\/documentation\\\/#breadcrumb\"},\"inLanguage\":\"fr-FR\",\"potentialAction\":[{\"@type\":\"ReadAction\",\"target\":[\"https:\\\/\\\/greeninternationalbusiness.dz\\\/index.php\\\/documentation\\\/\"]}]},{\"@type\":\"ImageObject\",\"inLanguage\":\"fr-FR\",\"@id\":\"https:\\\/\\\/greeninternationalbusiness.dz\\\/index.php\\\/documentation\\\/#primaryimage\",\"url\":\"https:\\\/\\\/greeninternationalbusiness.dz\\\/wp-content\\\/uploads\\\/2023\\\/09\\\/3d0854f7a2e2752b1fcb59b2129a7fea_M.jpg\",\"contentUrl\":\"https:\\\/\\\/greeninternationalbusiness.dz\\\/wp-content\\\/uploads\\\/2023\\\/09\\\/3d0854f7a2e2752b1fcb59b2129a7fea_M.jpg\",\"width\":580,\"height\":309},{\"@type\":\"BreadcrumbList\",\"@id\":\"https:\\\/\\\/greeninternationalbusiness.dz\\\/index.php\\\/documentation\\\/#breadcrumb\",\"itemListElement\":[{\"@type\":\"ListItem\",\"position\":1,\"name\":\"Accueil\",\"item\":\"https:\\\/\\\/greeninternationalbusiness.dz\\\/\"},{\"@type\":\"ListItem\",\"position\":2,\"name\":\"DOCUMENTATION\"}]},{\"@type\":\"WebSite\",\"@id\":\"https:\\\/\\\/greeninternationalbusiness.dz\\\/#website\",\"url\":\"https:\\\/\\\/greeninternationalbusiness.dz\\\/\",\"name\":\"\",\"description\":\"\",\"potentialAction\":[{\"@type\":\"SearchAction\",\"target\":{\"@type\":\"EntryPoint\",\"urlTemplate\":\"https:\\\/\\\/greeninternationalbusiness.dz\\\/?s={search_term_string}\"},\"query-input\":{\"@type\":\"PropertyValueSpecification\",\"valueRequired\":true,\"valueName\":\"search_term_string\"}}],\"inLanguage\":\"fr-FR\"}]}<\/script>\n<!-- \/ Yoast SEO plugin. -->","yoast_head_json":{"title":"DOCUMENTATION -","robots":{"index":"index","follow":"follow","max-snippet":"max-snippet:-1","max-image-preview":"max-image-preview:large","max-video-preview":"max-video-preview:-1"},"canonical":"https:\/\/greeninternationalbusiness.dz\/index.php\/documentation\/","og_locale":"fr_FR","og_type":"article","og_title":"DOCUMENTATION -","og_description":"COPERATION INTERNATIONAL ACCORD PREFERENTIEL Dans le cadre de la promotion et de la diversification de ses \u00e9changes commerciaux,\u00a0l&rsquo;Alg\u00e9rie a conclu des accords pr\u00e9f\u00e9rentiels avec plusieurs pays et groupements. Ces accords pr\u00e9voient : l&rsquo;harmonisation des l\u00e9gislations douani\u00e8res des pays contractants.\u00a0 accord d&rsquo;association entre l&rsquo;alg\u00e9rie et l&rsquo;union europ\u00e9enne \u00a0Les relations entre l&rsquo;UE et l&rsquo;Alg\u00e9rie remontent au lendemain [&hellip;]","og_url":"https:\/\/greeninternationalbusiness.dz\/index.php\/documentation\/","article_publisher":"https:\/\/www.facebook.com\/GIB23I?mibextid=ZbWKwL","article_modified_time":"2023-09-08T22:15:35+00:00","og_image":[{"url":"https:\/\/greeninternationalbusiness.dz\/wp-content\/uploads\/2023\/09\/3d0854f7a2e2752b1fcb59b2129a7fea_M.jpg","type":"","width":"","height":""}],"twitter_card":"summary_large_image","twitter_misc":{"Dur\u00e9e de lecture estim\u00e9e":"2 minutes"},"schema":{"@context":"https:\/\/schema.org","@graph":[{"@type":"WebPage","@id":"https:\/\/greeninternationalbusiness.dz\/index.php\/documentation\/","url":"https:\/\/greeninternationalbusiness.dz\/index.php\/documentation\/","name":"DOCUMENTATION -","isPartOf":{"@id":"https:\/\/greeninternationalbusiness.dz\/#website"},"primaryImageOfPage":{"@id":"https:\/\/greeninternationalbusiness.dz\/index.php\/documentation\/#primaryimage"},"image":{"@id":"https:\/\/greeninternationalbusiness.dz\/index.php\/documentation\/#primaryimage"},"thumbnailUrl":"https:\/\/greeninternationalbusiness.dz\/wp-content\/uploads\/2023\/09\/3d0854f7a2e2752b1fcb59b2129a7fea_M.jpg","datePublished":"2023-09-08T08:17:13+00:00","dateModified":"2023-09-08T22:15:35+00:00","breadcrumb":{"@id":"https:\/\/greeninternationalbusiness.dz\/index.php\/documentation\/#breadcrumb"},"inLanguage":"fr-FR","potentialAction":[{"@type":"ReadAction","target":["https:\/\/greeninternationalbusiness.dz\/index.php\/documentation\/"]}]},{"@type":"ImageObject","inLanguage":"fr-FR","@id":"https:\/\/greeninternationalbusiness.dz\/index.php\/documentation\/#primaryimage","url":"https:\/\/greeninternationalbusiness.dz\/wp-content\/uploads\/2023\/09\/3d0854f7a2e2752b1fcb59b2129a7fea_M.jpg","contentUrl":"https:\/\/greeninternationalbusiness.dz\/wp-content\/uploads\/2023\/09\/3d0854f7a2e2752b1fcb59b2129a7fea_M.jpg","width":580,"height":309},{"@type":"BreadcrumbList","@id":"https:\/\/greeninternationalbusiness.dz\/index.php\/documentation\/#breadcrumb","itemListElement":[{"@type":"ListItem","position":1,"name":"Accueil","item":"https:\/\/greeninternationalbusiness.dz\/"},{"@type":"ListItem","position":2,"name":"DOCUMENTATION"}]},{"@type":"WebSite","@id":"https:\/\/greeninternationalbusiness.dz\/#website","url":"https:\/\/greeninternationalbusiness.dz\/","name":"","description":"","potentialAction":[{"@type":"SearchAction","target":{"@type":"EntryPoint","urlTemplate":"https:\/\/greeninternationalbusiness.dz\/?s={search_term_string}"},"query-input":{"@type":"PropertyValueSpecification","valueRequired":true,"valueName":"search_term_string"}}],"inLanguage":"fr-FR"}]}},"jetpack_sharing_enabled":true,"_links":{"self":[{"href":"https:\/\/greeninternationalbusiness.dz\/index.php\/wp-json\/wp\/v2\/pages\/192","targetHints":{"allow":["GET"]}}],"collection":[{"href":"https:\/\/greeninternationalbusiness.dz\/index.php\/wp-json\/wp\/v2\/pages"}],"about":[{"href":"https:\/\/greeninternationalbusiness.dz\/index.php\/wp-json\/wp\/v2\/types\/page"}],"author":[{"embeddable":true,"href":"https:\/\/greeninternationalbusiness.dz\/index.php\/wp-json\/wp\/v2\/users\/1"}],"replies":[{"embeddable":true,"href":"https:\/\/greeninternationalbusiness.dz\/index.php\/wp-json\/wp\/v2\/comments?post=192"}],"version-history":[{"count":7,"href":"https:\/\/greeninternationalbusiness.dz\/index.php\/wp-json\/wp\/v2\/pages\/192\/revisions"}],"predecessor-version":[{"id":203,"href":"https:\/\/greeninternationalbusiness.dz\/index.php\/wp-json\/wp\/v2\/pages\/192\/revisions\/203"}],"wp:attachment":[{"href":"https:\/\/greeninternationalbusiness.dz\/index.php\/wp-json\/wp\/v2\/media?parent=192"}],"curies":[{"name":"wp","href":"https:\/\/api.w.org\/{rel}","templated":true}]}}